{"id":9894,"date":"2013-11-20T22:21:38","date_gmt":"2013-11-20T21:21:38","guid":{"rendered":"https:\/\/www.marylinepinton.com\/?page_id=9894"},"modified":"2014-10-24T21:39:59","modified_gmt":"2014-10-24T20:39:59","slug":"project-management-transcription","status":"publish","type":"page","link":"https:\/\/www.marylinepinton.com\/en\/project-management-transcription\/","title":{"rendered":"Multilingual project Management \/ Transcription"},"content":{"rendered":"<p>If you need anything translated or edited in other languages or subjects than the ones I offer, I will direct you to trustworthy partners and will personally check and edit your documents, answer your questions and handle your project from the quotation stage to printing. Be they European languages or more \u201cexotic\u201d languages, my experience in the translation business has allowed me to build a strong network of reliable partners.<\/p>\n<p>I will work with you to prepare specific guidelines in order to provide you with the quality and efficiency to which you are accustomed. I will be your sole contact to ensure smooth communication.<\/p>\n<p>I can also transcribe your audio or video materials in my mother tongue &#8211; French. These include, for example, interviews, corporate videos, documentary films, commercials, or any other audio file you will need in writing for subsequent translation into Spanish, English or any other language, for dubbing or for conversion into sales documents or training materials&#8230; The needs in this area are many and varied.<\/p>\n<p>As with any written document, concentration, precision and excellent command of one\u2019s mother tongue are necessary to ensure a quality transcription.<\/p>\n<h3><strong><span style=\"text-decoration: underline;\">Some recurring projects:<\/span> <\/strong><\/h3>\n<ul>\n<li>Medical questionnaires<\/li>\n<li>Mystery calling<\/li>\n<li>Video reports<\/li>\n<li>Phone calls<\/li>\n<li>Forensic examinations<\/li>\n<\/ul>\n<h5>Advice \u2013 Compliance with deadlines \u2013 Confidentiality \u2013 Cost transparency &#8211; Creativity \u2013 Efficiency \u2013 Expertise \u2013 Involvement \u2013 Patience \u2013 Precision \u2013 Professionalism \u2013 Quality \u2013 Responsiveness<\/h5>\n<p>Do not hesitate to <a title=\"Contact\" href=\"https:\/\/www.marylinepinton.com\/en\/contact_en\/\">contact me <\/a>for any transcription or translation request, whatever the language or field of activity!<\/p>\n<p>&nbsp;<\/p>\n","protected":false},"excerpt":{"rendered":"<p>If you need anything translated or edited in other languages or subjects than the ones I offer, I will direct you to trustworthy partners and will personally check and edit your documents, answer your questions and handle your project from the quotation stage to printing. Be they European languages or more \u201cexotic\u201d languages, my experience [&hellip;]<\/p>\n","protected":false},"author":2,"featured_media":0,"parent":0,"menu_order":0,"comment_status":"closed","ping_status":"closed","template":"","meta":{"_acf_changed":false,"footnotes":""},"class_list":["post-9894","page","type-page","status-publish","hentry"],"acf":[],"yoast_head":"<!-- This site is optimized with the Yoast SEO plugin v24.2 - https:\/\/yoast.com\/wordpress\/plugins\/seo\/ -->\n<title>Multilingual project Management \/ Transcription<\/title>\n<meta name=\"description\" content=\"If you need anything translated or edited in other languages or subjects than the ones I offer, I will direct you to trustworthy partners and will personally check and edit your documents, answer your questions and handle your project from the quotation stage to printing.\" \/>\n<meta name=\"robots\" content=\"index, follow, max-snippet:-1, max-image-preview:large, max-video-preview:-1\" \/>\n<link rel=\"canonical\" href=\"https:\/\/www.marylinepinton.com\/en\/project-management-transcription\/\" \/>\n<meta property=\"og:locale\" content=\"en_US\" \/>\n<meta property=\"og:type\" content=\"article\" \/>\n<meta property=\"og:title\" content=\"Multilingual project Management \/ Transcription\" \/>\n<meta property=\"og:description\" content=\"If you need anything translated or edited in other languages or subjects than the ones I offer, I will direct you to trustworthy partners and will personally check and edit your documents, answer your questions and handle your project from the quotation stage to printing.\" \/>\n<meta property=\"og:url\" content=\"https:\/\/www.marylinepinton.com\/en\/project-management-transcription\/\" \/>\n<meta property=\"og:site_name\" content=\"Traduction Anglais Fran\u00e7ais Espagnol - Maryline Pinton\" \/>\n<meta property=\"article:publisher\" content=\"https:\/\/www.facebook.com\/marylinepintontrad\" \/>\n<meta property=\"article:modified_time\" content=\"2014-10-24T20:39:59+00:00\" \/>\n<meta name=\"twitter:label1\" content=\"Est. reading time\" \/>\n\t<meta name=\"twitter:data1\" content=\"1 minute\" \/>\n<script type=\"application\/ld+json\" class=\"yoast-schema-graph\">{\"@context\":\"https:\/\/schema.org\",\"@graph\":[{\"@type\":\"WebPage\",\"@id\":\"https:\/\/www.marylinepinton.com\/en\/project-management-transcription\/\",\"url\":\"https:\/\/www.marylinepinton.com\/en\/project-management-transcription\/\",\"name\":\"Multilingual project Management \/ Transcription\",\"isPartOf\":{\"@id\":\"https:\/\/www.marylinepinton.com\/#website\"},\"datePublished\":\"2013-11-20T21:21:38+00:00\",\"dateModified\":\"2014-10-24T20:39:59+00:00\",\"description\":\"If you need anything translated or edited in other languages or subjects than the ones I offer, I will direct you to trustworthy partners and will personally check and edit your documents, answer your questions and handle your project from the quotation stage to printing.\",\"breadcrumb\":{\"@id\":\"https:\/\/www.marylinepinton.com\/en\/project-management-transcription\/#breadcrumb\"},\"inLanguage\":\"en-US\",\"potentialAction\":[{\"@type\":\"ReadAction\",\"target\":[\"https:\/\/www.marylinepinton.com\/en\/project-management-transcription\/\"]}]},{\"@type\":\"BreadcrumbList\",\"@id\":\"https:\/\/www.marylinepinton.com\/en\/project-management-transcription\/#breadcrumb\",\"itemListElement\":[{\"@type\":\"ListItem\",\"position\":1,\"name\":\"Accueil\",\"item\":\"https:\/\/www.marylinepinton.com\/en\/\"},{\"@type\":\"ListItem\",\"position\":2,\"name\":\"Multilingual project Management \/ Transcription\"}]},{\"@type\":\"WebSite\",\"@id\":\"https:\/\/www.marylinepinton.com\/#website\",\"url\":\"https:\/\/www.marylinepinton.com\/\",\"name\":\"Traduction Anglais Fran\u00e7ais Espagnol - Maryline Pinton\",\"description\":\"Traducteur freelance sp\u00e9cialis\u00e9 anglais espagnol &gt; fran\u00e7ais, tous types de documents techniques, marketing, r\u00e9dactionnels\u2026 Relecture, secr\u00e9tariat de r\u00e9daction, interpr\u00e9tariat, gestion de projet\",\"potentialAction\":[{\"@type\":\"SearchAction\",\"target\":{\"@type\":\"EntryPoint\",\"urlTemplate\":\"https:\/\/www.marylinepinton.com\/?s={search_term_string}\"},\"query-input\":{\"@type\":\"PropertyValueSpecification\",\"valueRequired\":true,\"valueName\":\"search_term_string\"}}],\"inLanguage\":\"en-US\"}]}<\/script>\n<!-- \/ Yoast SEO plugin. -->","yoast_head_json":{"title":"Multilingual project Management \/ Transcription","description":"If you need anything translated or edited in other languages or subjects than the ones I offer, I will direct you to trustworthy partners and will personally check and edit your documents, answer your questions and handle your project from the quotation stage to printing.","robots":{"index":"index","follow":"follow","max-snippet":"max-snippet:-1","max-image-preview":"max-image-preview:large","max-video-preview":"max-video-preview:-1"},"canonical":"https:\/\/www.marylinepinton.com\/en\/project-management-transcription\/","og_locale":"en_US","og_type":"article","og_title":"Multilingual project Management \/ Transcription","og_description":"If you need anything translated or edited in other languages or subjects than the ones I offer, I will direct you to trustworthy partners and will personally check and edit your documents, answer your questions and handle your project from the quotation stage to printing.","og_url":"https:\/\/www.marylinepinton.com\/en\/project-management-transcription\/","og_site_name":"Traduction Anglais Fran\u00e7ais Espagnol - Maryline Pinton","article_publisher":"https:\/\/www.facebook.com\/marylinepintontrad","article_modified_time":"2014-10-24T20:39:59+00:00","twitter_misc":{"Est. reading time":"1 minute"},"schema":{"@context":"https:\/\/schema.org","@graph":[{"@type":"WebPage","@id":"https:\/\/www.marylinepinton.com\/en\/project-management-transcription\/","url":"https:\/\/www.marylinepinton.com\/en\/project-management-transcription\/","name":"Multilingual project Management \/ Transcription","isPartOf":{"@id":"https:\/\/www.marylinepinton.com\/#website"},"datePublished":"2013-11-20T21:21:38+00:00","dateModified":"2014-10-24T20:39:59+00:00","description":"If you need anything translated or edited in other languages or subjects than the ones I offer, I will direct you to trustworthy partners and will personally check and edit your documents, answer your questions and handle your project from the quotation stage to printing.","breadcrumb":{"@id":"https:\/\/www.marylinepinton.com\/en\/project-management-transcription\/#breadcrumb"},"inLanguage":"en-US","potentialAction":[{"@type":"ReadAction","target":["https:\/\/www.marylinepinton.com\/en\/project-management-transcription\/"]}]},{"@type":"BreadcrumbList","@id":"https:\/\/www.marylinepinton.com\/en\/project-management-transcription\/#breadcrumb","itemListElement":[{"@type":"ListItem","position":1,"name":"Accueil","item":"https:\/\/www.marylinepinton.com\/en\/"},{"@type":"ListItem","position":2,"name":"Multilingual project Management \/ Transcription"}]},{"@type":"WebSite","@id":"https:\/\/www.marylinepinton.com\/#website","url":"https:\/\/www.marylinepinton.com\/","name":"Traduction Anglais Fran\u00e7ais Espagnol - Maryline Pinton","description":"Traducteur freelance sp\u00e9cialis\u00e9 anglais espagnol &gt; fran\u00e7ais, tous types de documents techniques, marketing, r\u00e9dactionnels\u2026 Relecture, secr\u00e9tariat de r\u00e9daction, interpr\u00e9tariat, gestion de projet","potentialAction":[{"@type":"SearchAction","target":{"@type":"EntryPoint","urlTemplate":"https:\/\/www.marylinepinton.com\/?s={search_term_string}"},"query-input":{"@type":"PropertyValueSpecification","valueRequired":true,"valueName":"search_term_string"}}],"inLanguage":"en-US"}]}},"_links":{"self":[{"href":"https:\/\/www.marylinepinton.com\/en\/wp-json\/wp\/v2\/pages\/9894","targetHints":{"allow":["GET"]}}],"collection":[{"href":"https:\/\/www.marylinepinton.com\/en\/wp-json\/wp\/v2\/pages"}],"about":[{"href":"https:\/\/www.marylinepinton.com\/en\/wp-json\/wp\/v2\/types\/page"}],"author":[{"embeddable":true,"href":"https:\/\/www.marylinepinton.com\/en\/wp-json\/wp\/v2\/users\/2"}],"replies":[{"embeddable":true,"href":"https:\/\/www.marylinepinton.com\/en\/wp-json\/wp\/v2\/comments?post=9894"}],"version-history":[{"count":0,"href":"https:\/\/www.marylinepinton.com\/en\/wp-json\/wp\/v2\/pages\/9894\/revisions"}],"wp:attachment":[{"href":"https:\/\/www.marylinepinton.com\/en\/wp-json\/wp\/v2\/media?parent=9894"}],"curies":[{"name":"wp","href":"https:\/\/api.w.org\/{rel}","templated":true}]}}