{"id":9896,"date":"2013-11-20T22:20:36","date_gmt":"2013-11-20T21:20:36","guid":{"rendered":"https:\/\/www.marylinepinton.com\/?page_id=9896"},"modified":"2020-09-11T14:58:49","modified_gmt":"2020-09-11T13:58:49","slug":"liaison-interpreting","status":"publish","type":"page","link":"https:\/\/www.marylinepinton.com\/en\/liaison-interpreting\/","title":{"rendered":"Liaison interpreting"},"content":{"rendered":"<p>I can accompany you as you travel in the Rennes region or further afield, in order to help you communicate with your foreign partners. The opportunities to talk in small groups and in several languages are many and varied, be they exhibition visits, trade negotiations with a customer or a supplier, business meetings or family gatherings. Liaison interpreting is ideal for such dynamic situations, because it preserves the flexibility and fluency of the oral exchanges.<br \/>\nIn order not to miss anything during these exchanges, it is better to hire a professional than to take a chance. Liaison interpreting is a science that cannot be improvised. The liaison interpreter reproduces the dialogue, sentence by sentence or segment by segment, alternating both languages. He\/she performs either consecutive or whispered interpreting, which is a complex intellectual exercise that requires meticulousness, precision, concentration and professionalism.<br \/>\nFrom a practical perspective, liaison interpreting requires no hardware (no headphones nor microphone, only a notebook, if required). This method is ideal in the case of onsite visits, exhibitions or trips since many different people can move while continuing to follow the thread of the discussion.<\/p>\n<h3><span style=\"text-decoration: underline\">Professional ethics<\/span><\/h3>\n<p>As a professional interpreter, I always make sure that I meet the necessary conditions for producing high-quality work. I am committed to complying with the best professional practices, namely:<br \/>\n&#8211;\u00a0\u00a0 \u00a0faithfulness: I translate the entire message and intent associated with it;<br \/>\n&#8211;\u00a0\u00a0 \u00a0neutrality: I do not intervene in discussions and should not be attacked for rendering the views of others. My views are not reflected in my interpretation;<br \/>\n&#8211;\u00a0\u00a0 \u00a0secrecy: I am bound by professional secrecy before, during and after my mission.<\/p>\n<h5>Advice \u2013 Compliance with deadlines \u2013 Confidentiality \u2013 Cost transparency &#8211; Creativity \u2013 Efficiency \u2013 Expertise \u2013 Involvement \u2013 Patience \u2013 Precision \u2013 Professionalism \u2013 Quality \u2013 Responsiveness<\/h5>\n<p>Do not hesitate to <a title=\"Contact\" href=\"https:\/\/www.marylinepinton.com\/en\/contact_en\/\">contact me <\/a>for any interpreting request!<\/p>\n","protected":false},"excerpt":{"rendered":"<p>I can accompany you as you travel in the Rennes region or further afield, in order to help you communicate with your foreign partners. The opportunities to talk in small groups and in several languages are many and varied, be they exhibition visits, trade negotiations with a customer or a supplier, business meetings or family [&hellip;]<\/p>\n","protected":false},"author":2,"featured_media":0,"parent":0,"menu_order":0,"comment_status":"closed","ping_status":"closed","template":"","meta":{"_acf_changed":false,"footnotes":""},"class_list":["post-9896","page","type-page","status-publish","hentry"],"acf":[],"yoast_head":"<!-- This site is optimized with the Yoast SEO plugin v24.2 - https:\/\/yoast.com\/wordpress\/plugins\/seo\/ -->\n<title>Liaison interpreting<\/title>\n<meta name=\"description\" content=\"I can accompany you as you travel in the Rennes region or further afield, in order to help you communicate with your foreign partners.\" \/>\n<meta name=\"robots\" content=\"index, follow, max-snippet:-1, max-image-preview:large, max-video-preview:-1\" \/>\n<link rel=\"canonical\" href=\"https:\/\/www.marylinepinton.com\/interpretariat-de-liaison\/\" \/>\n<meta property=\"og:locale\" content=\"en_US\" \/>\n<meta property=\"og:type\" content=\"article\" \/>\n<meta property=\"og:title\" content=\"Liaison interpreting\" \/>\n<meta property=\"og:description\" content=\"I can accompany you as you travel in the Rennes region or further afield, in order to help you communicate with your foreign partners.\" \/>\n<meta property=\"og:url\" content=\"https:\/\/www.marylinepinton.com\/interpretariat-de-liaison\/\" \/>\n<meta property=\"og:site_name\" content=\"Traduction Anglais Fran\u00e7ais Espagnol - Maryline Pinton\" \/>\n<meta property=\"article:publisher\" content=\"https:\/\/www.facebook.com\/marylinepintontrad\" \/>\n<meta property=\"article:modified_time\" content=\"2020-09-11T13:58:49+00:00\" \/>\n<meta name=\"twitter:label1\" content=\"Est. reading time\" \/>\n\t<meta name=\"twitter:data1\" content=\"1 minute\" \/>\n<script type=\"application\/ld+json\" class=\"yoast-schema-graph\">{\"@context\":\"https:\/\/schema.org\",\"@graph\":[{\"@type\":\"WebPage\",\"@id\":\"https:\/\/www.marylinepinton.com\/interpretariat-de-liaison\/\",\"url\":\"https:\/\/www.marylinepinton.com\/interpretariat-de-liaison\/\",\"name\":\"Liaison interpreting\",\"isPartOf\":{\"@id\":\"https:\/\/www.marylinepinton.com\/#website\"},\"datePublished\":\"2013-11-20T21:20:36+00:00\",\"dateModified\":\"2020-09-11T13:58:49+00:00\",\"description\":\"I can accompany you as you travel in the Rennes region or further afield, in order to help you communicate with your foreign partners.\",\"breadcrumb\":{\"@id\":\"https:\/\/www.marylinepinton.com\/interpretariat-de-liaison\/#breadcrumb\"},\"inLanguage\":\"en-US\",\"potentialAction\":[{\"@type\":\"ReadAction\",\"target\":[\"https:\/\/www.marylinepinton.com\/interpretariat-de-liaison\/\"]}]},{\"@type\":\"BreadcrumbList\",\"@id\":\"https:\/\/www.marylinepinton.com\/interpretariat-de-liaison\/#breadcrumb\",\"itemListElement\":[{\"@type\":\"ListItem\",\"position\":1,\"name\":\"Accueil\",\"item\":\"https:\/\/www.marylinepinton.com\/en\/\"},{\"@type\":\"ListItem\",\"position\":2,\"name\":\"Liaison interpreting\"}]},{\"@type\":\"WebSite\",\"@id\":\"https:\/\/www.marylinepinton.com\/#website\",\"url\":\"https:\/\/www.marylinepinton.com\/\",\"name\":\"Traduction Anglais Fran\u00e7ais Espagnol - Maryline Pinton\",\"description\":\"Traducteur freelance sp\u00e9cialis\u00e9 anglais espagnol &gt; fran\u00e7ais, tous types de documents techniques, marketing, r\u00e9dactionnels\u2026 Relecture, secr\u00e9tariat de r\u00e9daction, interpr\u00e9tariat, gestion de projet\",\"potentialAction\":[{\"@type\":\"SearchAction\",\"target\":{\"@type\":\"EntryPoint\",\"urlTemplate\":\"https:\/\/www.marylinepinton.com\/?s={search_term_string}\"},\"query-input\":{\"@type\":\"PropertyValueSpecification\",\"valueRequired\":true,\"valueName\":\"search_term_string\"}}],\"inLanguage\":\"en-US\"}]}<\/script>\n<!-- \/ Yoast SEO plugin. -->","yoast_head_json":{"title":"Liaison interpreting","description":"I can accompany you as you travel in the Rennes region or further afield, in order to help you communicate with your foreign partners.","robots":{"index":"index","follow":"follow","max-snippet":"max-snippet:-1","max-image-preview":"max-image-preview:large","max-video-preview":"max-video-preview:-1"},"canonical":"https:\/\/www.marylinepinton.com\/interpretariat-de-liaison\/","og_locale":"en_US","og_type":"article","og_title":"Liaison interpreting","og_description":"I can accompany you as you travel in the Rennes region or further afield, in order to help you communicate with your foreign partners.","og_url":"https:\/\/www.marylinepinton.com\/interpretariat-de-liaison\/","og_site_name":"Traduction Anglais Fran\u00e7ais Espagnol - Maryline Pinton","article_publisher":"https:\/\/www.facebook.com\/marylinepintontrad","article_modified_time":"2020-09-11T13:58:49+00:00","twitter_misc":{"Est. reading time":"1 minute"},"schema":{"@context":"https:\/\/schema.org","@graph":[{"@type":"WebPage","@id":"https:\/\/www.marylinepinton.com\/interpretariat-de-liaison\/","url":"https:\/\/www.marylinepinton.com\/interpretariat-de-liaison\/","name":"Liaison interpreting","isPartOf":{"@id":"https:\/\/www.marylinepinton.com\/#website"},"datePublished":"2013-11-20T21:20:36+00:00","dateModified":"2020-09-11T13:58:49+00:00","description":"I can accompany you as you travel in the Rennes region or further afield, in order to help you communicate with your foreign partners.","breadcrumb":{"@id":"https:\/\/www.marylinepinton.com\/interpretariat-de-liaison\/#breadcrumb"},"inLanguage":"en-US","potentialAction":[{"@type":"ReadAction","target":["https:\/\/www.marylinepinton.com\/interpretariat-de-liaison\/"]}]},{"@type":"BreadcrumbList","@id":"https:\/\/www.marylinepinton.com\/interpretariat-de-liaison\/#breadcrumb","itemListElement":[{"@type":"ListItem","position":1,"name":"Accueil","item":"https:\/\/www.marylinepinton.com\/en\/"},{"@type":"ListItem","position":2,"name":"Liaison interpreting"}]},{"@type":"WebSite","@id":"https:\/\/www.marylinepinton.com\/#website","url":"https:\/\/www.marylinepinton.com\/","name":"Traduction Anglais Fran\u00e7ais Espagnol - Maryline Pinton","description":"Traducteur freelance sp\u00e9cialis\u00e9 anglais espagnol &gt; fran\u00e7ais, tous types de documents techniques, marketing, r\u00e9dactionnels\u2026 Relecture, secr\u00e9tariat de r\u00e9daction, interpr\u00e9tariat, gestion de projet","potentialAction":[{"@type":"SearchAction","target":{"@type":"EntryPoint","urlTemplate":"https:\/\/www.marylinepinton.com\/?s={search_term_string}"},"query-input":{"@type":"PropertyValueSpecification","valueRequired":true,"valueName":"search_term_string"}}],"inLanguage":"en-US"}]}},"_links":{"self":[{"href":"https:\/\/www.marylinepinton.com\/en\/wp-json\/wp\/v2\/pages\/9896","targetHints":{"allow":["GET"]}}],"collection":[{"href":"https:\/\/www.marylinepinton.com\/en\/wp-json\/wp\/v2\/pages"}],"about":[{"href":"https:\/\/www.marylinepinton.com\/en\/wp-json\/wp\/v2\/types\/page"}],"author":[{"embeddable":true,"href":"https:\/\/www.marylinepinton.com\/en\/wp-json\/wp\/v2\/users\/2"}],"replies":[{"embeddable":true,"href":"https:\/\/www.marylinepinton.com\/en\/wp-json\/wp\/v2\/comments?post=9896"}],"version-history":[{"count":0,"href":"https:\/\/www.marylinepinton.com\/en\/wp-json\/wp\/v2\/pages\/9896\/revisions"}],"wp:attachment":[{"href":"https:\/\/www.marylinepinton.com\/en\/wp-json\/wp\/v2\/media?parent=9896"}],"curies":[{"name":"wp","href":"https:\/\/api.w.org\/{rel}","templated":true}]}}