{"id":9917,"date":"2013-11-09T21:03:29","date_gmt":"2013-11-09T20:03:29","guid":{"rendered":"https:\/\/www.marylinepinton.com\/?page_id=9917"},"modified":"2024-08-22T09:21:19","modified_gmt":"2024-08-22T08:21:19","slug":"legal-notice","status":"publish","type":"page","link":"https:\/\/www.marylinepinton.com\/en\/legal-notice\/","title":{"rendered":"Legal notice"},"content":{"rendered":"\n<p><strong>Description of Maryline Pinton\u2019s business:<\/strong><\/p>\n\n\n\n<p>Maryline Pinton is a freelance translator whose mother tongue is French. She works on all types of written, audio and video documents in English \/ French \/ Spanish and, on request, manages multilingual projects in other language combinations.<\/p>\n\n\n\n<p><strong>Liability:<\/strong><\/p>\n\n\n\n<p>This website is the property of Maryline Pinton, resident at 101 boulevard du Rosais 35400 Saint-Malo, France.<\/p>\n\n\n\n<p>Phone: +33 6 61 14 78 11<\/p>\n\n\n\n<p>E-mail address: <a href=\"mailto:maryline.pinton@orange.fr\">maryline.pinton [at] orange.fr<\/a><\/p>\n\n\n\n<p>Self-employed<\/p>\n\n\n\n<p>SIRET number: 523\u00a0056\u00a0257 00026<\/p>\n\n\n\n<p>VAT identification number: FR74&nbsp;523&nbsp;056&nbsp;257<\/p>\n\n\n\n<p>APE code: 7430Z<\/p>\n\n\n\n<p><strong>Host:<\/strong><\/p>\n\n\n\n<p>SAS OVH &#8211; <a href=\"http:\/\/www.ovh.com\">http:\/\/www.ovh.com<\/a> 2 rue Kellermann, BP 80157, 59100 Roubaix, France<\/p>\n\n\n\n<p><strong>Credits<\/strong><\/p>\n\n\n\n<p>Design, graphics and production: Maryline Pinton<\/p>\n\n\n\n<p><a href=\"https:\/\/www.marylinepinton.com\/wp-content\/uploads\/2013\/11\/CGV1.pdf\"><strong>General Terms and Conditions (in French)<\/strong><\/a><\/p>\n\n\n\n<p><strong>Warnings<\/strong><\/p>\n\n\n\n<p>Users of Maryline Pinton\u2019s website are bound by the provisions of the French &#8220;Informatique et Libert\u00e9s&#8221; act, whose violation is punishable by law.<\/p>\n\n\n\n<p>They must refrain from collecting or diverting the personal information they access, and, more generally, from anything that may infringe the privacy or reputation of individuals.<\/p>\n\n\n\n<p><strong>Rights reserved<\/strong><\/p>\n\n\n\n<p>The general structure, as well as the texts, images &#8211; animated or not &#8211; and sounds included in this website are the property of Maryline Pinton, unless otherwise stated.<\/p>\n\n\n\n<p>Total or partial reproduction of this website by any means whatsoever without written permission from Maryline Pinton is prohibited and constitutes an infringement punishable by articles L 335-2 et seq. of the French intellectual property code.<\/p>\n\n\n\n<p><strong>Hyperlinks<\/strong><\/p>\n\n\n\n<p>The hyperlinks set up as part of this website to other resources on the Internet do not invoke the liability of Maryline Pinton.<\/p>\n\n\n\n<p>Users and visitors of this website may not set up a hyperlink to this website without the express consent of Maryline Pinton.<\/p>\n\n\n\n<p><a title=\"Contact\" href=\"https:\/\/www.marylinepinton.com\/en\/contact_en\/\">Contact<\/a><\/p>\n\n\n\n<p><strong>Your rights<\/strong><\/p>\n\n\n\n<p>Under Articles 27 and 34 of the French &#8220;Informatique et Libert\u00e9s&#8221; act n \u00b0 78-17 dated 6 January 1978, with regard to computer records, you have the right to access, modify or delete your personal data. To exercise this right, you may, at any time, write to:<\/p>\n\n\n\n<p>Maryline Pinton &#8211; 101 boulevard du Rosais 35400 Saint-Malo, France Phone: +33 6 61 14 78 11<\/p>\n\n\n\n<p><a href=\"https:\/\/www.marylinepinton.com\/en\/contact_en\/\">Contact<\/a><\/p>\n\n\n\n<p><strong>Personal data<\/strong><\/p>\n\n\n\n<p>The information collected through the contact form is recorded by Maryline Pinton and will be used to respond to your enquiry and ensure that it is followed up. It will be kept for 1 year and is only intended for use by Maryline Pinton.<\/p>\n\n\n\n<p>Pursuant to Articles 27 and 34 of the French Data Protection Act (Loi Informatique et Libert\u00e9s) and the General Data Protection Regulation (GDPR) dated May 25, 2018, you are entitled to access, modify or delete the personal data held about you.<\/p>\n\n\n\n<p>If you wish to exercise this right, you may, at any time, write to :<\/p>\n\n\n\n<p>Maryline Pinton &#8211; 101 boulevard du Rosais 35400 Saint-Malo, France. Tel. +33 6 61 14 78 11 \/ E-mail: <a href=\"mailto:maryline.pinton@orange.fr\">maryline.pinton [at] orange.fr<\/a><\/p>\n\n\n\n<p><a href=\"https:\/\/www.marylinepinton.com\/en\/contact\/\">Contact me<\/a><\/p>\n\n\n\n<p>You also have the right to provide instructions on the fate of your data after your death.<\/p>\n\n\n\n<p>In accordance with the GDPR dated May 25, 2018, Maryline Pinton will notify the CNIL and the users concerned as soon as possible in the event that user data is lost.<\/p>\n\n\n\n<p>We would like to inform you of the existence of the &#8220;Bloctel&#8221; service, which enables individuals to register their wish not to receive telephone canvassing calls, for which you can register here: https:\/\/conso.bloctel.fr\/.<\/p>\n\n\n\n<p>In any case, Maryline Pinton will only collect a user&#8217;s personal information to the extent necessary to provide the services offered by the website <a href=\"http:\/\/www.marylinepinton.com\/en\/\">www.marylinepinton.com\/en\/<\/a>. In particular, when they enter their personal data themselves, users provide this information knowingly. Users of <a href=\"http:\/\/www.marylinepinton.com\/en\/\">www.marylinepinton.com\/en\/<\/a> are made aware of the fact that they are under no obligation to provide the information.<\/p>\n\n\n\n<p>The databases are protected by the provisions of the law of 1 July 1998 implementing directive 96\/9 of 11 March 1996 regarding the legal protection of databases.<\/p>\n","protected":false},"excerpt":{"rendered":"<p>Description of Maryline Pinton\u2019s business: Maryline Pinton is a freelance translator whose mother tongue is French. She works on all types of written, audio and video documents in English \/ French \/ Spanish and, on request, manages multilingual projects in other language combinations. Liability: This website is the property of Maryline Pinton, resident at 101 [&hellip;]<\/p>\n","protected":false},"author":2,"featured_media":0,"parent":0,"menu_order":0,"comment_status":"open","ping_status":"open","template":"","meta":{"_acf_changed":false,"footnotes":""},"class_list":["post-9917","page","type-page","status-publish","hentry"],"acf":[],"yoast_head":"<!-- This site is optimized with the Yoast SEO plugin v24.2 - https:\/\/yoast.com\/wordpress\/plugins\/seo\/ -->\n<title>Legal notice<\/title>\n<meta name=\"robots\" content=\"index, follow, max-snippet:-1, max-image-preview:large, max-video-preview:-1\" \/>\n<link rel=\"canonical\" href=\"https:\/\/www.marylinepinton.com\/en\/legal-notice\/\" \/>\n<meta property=\"og:locale\" content=\"en_US\" \/>\n<meta property=\"og:type\" content=\"article\" \/>\n<meta property=\"og:title\" content=\"Legal notice\" \/>\n<meta property=\"og:description\" content=\"Description of Maryline Pinton\u2019s business: Maryline Pinton is a freelance translator whose mother tongue is French. She works on all types of written, audio and video documents in English \/ French \/ Spanish and, on request, manages multilingual projects in other language combinations. Liability: This website is the property of Maryline Pinton, resident at 101 [&hellip;]\" \/>\n<meta property=\"og:url\" content=\"https:\/\/www.marylinepinton.com\/en\/legal-notice\/\" \/>\n<meta property=\"og:site_name\" content=\"Traduction Anglais Fran\u00e7ais Espagnol - Maryline Pinton\" \/>\n<meta property=\"article:publisher\" content=\"https:\/\/www.facebook.com\/marylinepintontrad\" \/>\n<meta property=\"article:modified_time\" content=\"2024-08-22T08:21:19+00:00\" \/>\n<meta name=\"twitter:label1\" content=\"Est. reading time\" \/>\n\t<meta name=\"twitter:data1\" content=\"4 minutes\" \/>\n<script type=\"application\/ld+json\" class=\"yoast-schema-graph\">{\"@context\":\"https:\/\/schema.org\",\"@graph\":[{\"@type\":\"WebPage\",\"@id\":\"https:\/\/www.marylinepinton.com\/en\/legal-notice\/\",\"url\":\"https:\/\/www.marylinepinton.com\/en\/legal-notice\/\",\"name\":\"Legal notice\",\"isPartOf\":{\"@id\":\"https:\/\/www.marylinepinton.com\/#website\"},\"datePublished\":\"2013-11-09T20:03:29+00:00\",\"dateModified\":\"2024-08-22T08:21:19+00:00\",\"breadcrumb\":{\"@id\":\"https:\/\/www.marylinepinton.com\/en\/legal-notice\/#breadcrumb\"},\"inLanguage\":\"en-US\",\"potentialAction\":[{\"@type\":\"ReadAction\",\"target\":[\"https:\/\/www.marylinepinton.com\/en\/legal-notice\/\"]}]},{\"@type\":\"BreadcrumbList\",\"@id\":\"https:\/\/www.marylinepinton.com\/en\/legal-notice\/#breadcrumb\",\"itemListElement\":[{\"@type\":\"ListItem\",\"position\":1,\"name\":\"Accueil\",\"item\":\"https:\/\/www.marylinepinton.com\/en\/\"},{\"@type\":\"ListItem\",\"position\":2,\"name\":\"Legal notice\"}]},{\"@type\":\"WebSite\",\"@id\":\"https:\/\/www.marylinepinton.com\/#website\",\"url\":\"https:\/\/www.marylinepinton.com\/\",\"name\":\"Traduction Anglais Fran\u00e7ais Espagnol - Maryline Pinton\",\"description\":\"Traducteur freelance sp\u00e9cialis\u00e9 anglais espagnol &gt; fran\u00e7ais, tous types de documents techniques, marketing, r\u00e9dactionnels\u2026 Relecture, secr\u00e9tariat de r\u00e9daction, interpr\u00e9tariat, gestion de projet\",\"potentialAction\":[{\"@type\":\"SearchAction\",\"target\":{\"@type\":\"EntryPoint\",\"urlTemplate\":\"https:\/\/www.marylinepinton.com\/?s={search_term_string}\"},\"query-input\":{\"@type\":\"PropertyValueSpecification\",\"valueRequired\":true,\"valueName\":\"search_term_string\"}}],\"inLanguage\":\"en-US\"}]}<\/script>\n<!-- \/ Yoast SEO plugin. -->","yoast_head_json":{"title":"Legal notice","robots":{"index":"index","follow":"follow","max-snippet":"max-snippet:-1","max-image-preview":"max-image-preview:large","max-video-preview":"max-video-preview:-1"},"canonical":"https:\/\/www.marylinepinton.com\/en\/legal-notice\/","og_locale":"en_US","og_type":"article","og_title":"Legal notice","og_description":"Description of Maryline Pinton\u2019s business: Maryline Pinton is a freelance translator whose mother tongue is French. She works on all types of written, audio and video documents in English \/ French \/ Spanish and, on request, manages multilingual projects in other language combinations. Liability: This website is the property of Maryline Pinton, resident at 101 [&hellip;]","og_url":"https:\/\/www.marylinepinton.com\/en\/legal-notice\/","og_site_name":"Traduction Anglais Fran\u00e7ais Espagnol - Maryline Pinton","article_publisher":"https:\/\/www.facebook.com\/marylinepintontrad","article_modified_time":"2024-08-22T08:21:19+00:00","twitter_misc":{"Est. reading time":"4 minutes"},"schema":{"@context":"https:\/\/schema.org","@graph":[{"@type":"WebPage","@id":"https:\/\/www.marylinepinton.com\/en\/legal-notice\/","url":"https:\/\/www.marylinepinton.com\/en\/legal-notice\/","name":"Legal notice","isPartOf":{"@id":"https:\/\/www.marylinepinton.com\/#website"},"datePublished":"2013-11-09T20:03:29+00:00","dateModified":"2024-08-22T08:21:19+00:00","breadcrumb":{"@id":"https:\/\/www.marylinepinton.com\/en\/legal-notice\/#breadcrumb"},"inLanguage":"en-US","potentialAction":[{"@type":"ReadAction","target":["https:\/\/www.marylinepinton.com\/en\/legal-notice\/"]}]},{"@type":"BreadcrumbList","@id":"https:\/\/www.marylinepinton.com\/en\/legal-notice\/#breadcrumb","itemListElement":[{"@type":"ListItem","position":1,"name":"Accueil","item":"https:\/\/www.marylinepinton.com\/en\/"},{"@type":"ListItem","position":2,"name":"Legal notice"}]},{"@type":"WebSite","@id":"https:\/\/www.marylinepinton.com\/#website","url":"https:\/\/www.marylinepinton.com\/","name":"Traduction Anglais Fran\u00e7ais Espagnol - Maryline Pinton","description":"Traducteur freelance sp\u00e9cialis\u00e9 anglais espagnol &gt; fran\u00e7ais, tous types de documents techniques, marketing, r\u00e9dactionnels\u2026 Relecture, secr\u00e9tariat de r\u00e9daction, interpr\u00e9tariat, gestion de projet","potentialAction":[{"@type":"SearchAction","target":{"@type":"EntryPoint","urlTemplate":"https:\/\/www.marylinepinton.com\/?s={search_term_string}"},"query-input":{"@type":"PropertyValueSpecification","valueRequired":true,"valueName":"search_term_string"}}],"inLanguage":"en-US"}]}},"_links":{"self":[{"href":"https:\/\/www.marylinepinton.com\/en\/wp-json\/wp\/v2\/pages\/9917","targetHints":{"allow":["GET"]}}],"collection":[{"href":"https:\/\/www.marylinepinton.com\/en\/wp-json\/wp\/v2\/pages"}],"about":[{"href":"https:\/\/www.marylinepinton.com\/en\/wp-json\/wp\/v2\/types\/page"}],"author":[{"embeddable":true,"href":"https:\/\/www.marylinepinton.com\/en\/wp-json\/wp\/v2\/users\/2"}],"replies":[{"embeddable":true,"href":"https:\/\/www.marylinepinton.com\/en\/wp-json\/wp\/v2\/comments?post=9917"}],"version-history":[{"count":0,"href":"https:\/\/www.marylinepinton.com\/en\/wp-json\/wp\/v2\/pages\/9917\/revisions"}],"wp:attachment":[{"href":"https:\/\/www.marylinepinton.com\/en\/wp-json\/wp\/v2\/media?parent=9917"}],"curies":[{"name":"wp","href":"https:\/\/api.w.org\/{rel}","templated":true}]}}