{"id":10058,"date":"2012-12-20T09:44:20","date_gmt":"2012-12-20T08:44:20","guid":{"rendered":"https:\/\/www.marylinepinton.com\/?page_id=10058"},"modified":"2021-11-16T18:36:14","modified_gmt":"2021-11-16T17:36:14","slug":"bienvenidos","status":"publish","type":"page","link":"https:\/\/www.marylinepinton.com\/es\/","title":{"rendered":"\u00a1Bienvenido\/a!"},"content":{"rendered":"<h2>Maryline Pinton, traductora freelance Ingl\u00e9s Franc\u00e9s Espa\u00f1ol<\/h2>\n<p>Si usted es un particular, una agencia, una PYME, una multinacional o una instituci\u00f3n, y necesita traducciones al franc\u00e9s, este sitio es para Ud.&nbsp;Encontrar\u00e1 informaci\u00f3n sobre:<br \/>\n&#8211; Mi perfil: mis estudios, mis especializaciones<br \/>\n&#8211; Los servicios que ofrezco: traducci\u00f3n, correcci\u00f3n, edici\u00f3n, transcripci\u00f3n, interpretaci\u00f3n de enlace y gesti\u00f3n de proyectos<br \/>\n&#8211; Mis referencias, y m\u00e1s.<br \/>\nSi usted no puede encontrar lo que estaba buscando, por favor preg\u00fantemelo a trav\u00e9s de la <a href=\"https:\/\/www.marylinepinton.com\/contact\/\">p\u00e1gina de contacto<\/a>.<\/p>\n","protected":false},"excerpt":{"rendered":"<p>Maryline Pinton, traductora freelance Ingl\u00e9s Franc\u00e9s Espa\u00f1ol Si usted es un particular, una agencia, una PYME, una multinacional o una instituci\u00f3n, y necesita traducciones al franc\u00e9s, este sitio es para Ud.&nbsp;Encontrar\u00e1 informaci\u00f3n sobre: &#8211; Mi perfil: mis estudios, mis especializaciones &#8211; Los servicios que ofrezco: traducci\u00f3n, correcci\u00f3n, edici\u00f3n, transcripci\u00f3n, interpretaci\u00f3n de enlace y gesti\u00f3n de [&hellip;]<\/p>\n","protected":false},"author":2,"featured_media":0,"parent":0,"menu_order":1,"comment_status":"open","ping_status":"open","template":"","meta":{"_acf_changed":false,"footnotes":""},"class_list":["post-10058","page","type-page","status-publish","hentry"],"acf":[],"yoast_head":"<!-- This site is optimized with the Yoast SEO plugin v24.2 - https:\/\/yoast.com\/wordpress\/plugins\/seo\/ -->\n<title>Traducci\u00f3n Ingl\u00e9s Franc\u00e9s Espa\u00f1ol - Maryline Pinton<\/title>\n<meta name=\"description\" content=\"Traductora freelance Ingl\u00e9s \/ Espa\u00f1ol &gt; Franc\u00e9s, todos sus documentos profesionales\u2026 Correcci\u00f3n \/ Edici\u00f3n, Interpretaci\u00f3n de enlace, Gesti\u00f3n de proyectos multiling\u00fce \/ Transcripci\u00f3n\" \/>\n<meta name=\"robots\" content=\"index, follow, max-snippet:-1, max-image-preview:large, max-video-preview:-1\" \/>\n<link rel=\"canonical\" href=\"https:\/\/www.marylinepinton.com\/es\/\" \/>\n<meta property=\"og:locale\" content=\"es_ES\" \/>\n<meta property=\"og:type\" content=\"article\" \/>\n<meta property=\"og:title\" content=\"Traducci\u00f3n Ingl\u00e9s Franc\u00e9s Espa\u00f1ol - Maryline Pinton\" \/>\n<meta property=\"og:description\" content=\"Traductora freelance Ingl\u00e9s \/ Espa\u00f1ol &gt; Franc\u00e9s, todos sus documentos profesionales\u2026 Correcci\u00f3n \/ Edici\u00f3n, Interpretaci\u00f3n de enlace, Gesti\u00f3n de proyectos multiling\u00fce \/ Transcripci\u00f3n\" \/>\n<meta property=\"og:url\" content=\"https:\/\/www.marylinepinton.com\/es\/\" \/>\n<meta property=\"og:site_name\" content=\"Traduction Anglais Fran\u00e7ais Espagnol - Maryline Pinton\" \/>\n<meta property=\"article:publisher\" content=\"https:\/\/www.facebook.com\/marylinepintontrad\" \/>\n<meta property=\"article:modified_time\" content=\"2021-11-16T17:36:14+00:00\" \/>\n<meta name=\"twitter:label1\" content=\"Tiempo de lectura\" \/>\n\t<meta name=\"twitter:data1\" content=\"1 minuto\" \/>\n<script type=\"application\/ld+json\" class=\"yoast-schema-graph\">{\"@context\":\"https:\/\/schema.org\",\"@graph\":[{\"@type\":\"WebPage\",\"@id\":\"https:\/\/www.marylinepinton.com\/es\/\",\"url\":\"https:\/\/www.marylinepinton.com\/es\/\",\"name\":\"Traducci\u00f3n Ingl\u00e9s Franc\u00e9s Espa\u00f1ol - Maryline Pinton\",\"isPartOf\":{\"@id\":\"https:\/\/www.marylinepinton.com\/#website\"},\"datePublished\":\"2012-12-20T08:44:20+00:00\",\"dateModified\":\"2021-11-16T17:36:14+00:00\",\"description\":\"Traductora freelance Ingl\u00e9s \/ Espa\u00f1ol > Franc\u00e9s, todos sus documentos profesionales\u2026 Correcci\u00f3n \/ Edici\u00f3n, Interpretaci\u00f3n de enlace, Gesti\u00f3n de proyectos multiling\u00fce \/ Transcripci\u00f3n\",\"breadcrumb\":{\"@id\":\"https:\/\/www.marylinepinton.com\/es\/#breadcrumb\"},\"inLanguage\":\"es\",\"potentialAction\":[{\"@type\":\"ReadAction\",\"target\":[\"https:\/\/www.marylinepinton.com\/es\/\"]}]},{\"@type\":\"BreadcrumbList\",\"@id\":\"https:\/\/www.marylinepinton.com\/es\/#breadcrumb\",\"itemListElement\":[{\"@type\":\"ListItem\",\"position\":1,\"name\":\"Accueil\",\"item\":\"https:\/\/www.marylinepinton.com\/es\/\"},{\"@type\":\"ListItem\",\"position\":2,\"name\":\"\u00a1Bienvenido\/a!\"}]},{\"@type\":\"WebSite\",\"@id\":\"https:\/\/www.marylinepinton.com\/#website\",\"url\":\"https:\/\/www.marylinepinton.com\/\",\"name\":\"Traduction Anglais Fran\u00e7ais Espagnol - Maryline Pinton\",\"description\":\"Traducteur freelance sp\u00e9cialis\u00e9 anglais espagnol &gt; fran\u00e7ais, tous types de documents techniques, marketing, r\u00e9dactionnels\u2026 Relecture, secr\u00e9tariat de r\u00e9daction, interpr\u00e9tariat, gestion de projet\",\"potentialAction\":[{\"@type\":\"SearchAction\",\"target\":{\"@type\":\"EntryPoint\",\"urlTemplate\":\"https:\/\/www.marylinepinton.com\/?s={search_term_string}\"},\"query-input\":{\"@type\":\"PropertyValueSpecification\",\"valueRequired\":true,\"valueName\":\"search_term_string\"}}],\"inLanguage\":\"es\"}]}<\/script>\n<!-- \/ Yoast SEO plugin. -->","yoast_head_json":{"title":"Traducci\u00f3n Ingl\u00e9s Franc\u00e9s Espa\u00f1ol - Maryline Pinton","description":"Traductora freelance Ingl\u00e9s \/ Espa\u00f1ol > Franc\u00e9s, todos sus documentos profesionales\u2026 Correcci\u00f3n \/ Edici\u00f3n, Interpretaci\u00f3n de enlace, Gesti\u00f3n de proyectos multiling\u00fce \/ Transcripci\u00f3n","robots":{"index":"index","follow":"follow","max-snippet":"max-snippet:-1","max-image-preview":"max-image-preview:large","max-video-preview":"max-video-preview:-1"},"canonical":"https:\/\/www.marylinepinton.com\/es\/","og_locale":"es_ES","og_type":"article","og_title":"Traducci\u00f3n Ingl\u00e9s Franc\u00e9s Espa\u00f1ol - Maryline Pinton","og_description":"Traductora freelance Ingl\u00e9s \/ Espa\u00f1ol > Franc\u00e9s, todos sus documentos profesionales\u2026 Correcci\u00f3n \/ Edici\u00f3n, Interpretaci\u00f3n de enlace, Gesti\u00f3n de proyectos multiling\u00fce \/ Transcripci\u00f3n","og_url":"https:\/\/www.marylinepinton.com\/es\/","og_site_name":"Traduction Anglais Fran\u00e7ais Espagnol - Maryline Pinton","article_publisher":"https:\/\/www.facebook.com\/marylinepintontrad","article_modified_time":"2021-11-16T17:36:14+00:00","twitter_misc":{"Tiempo de lectura":"1 minuto"},"schema":{"@context":"https:\/\/schema.org","@graph":[{"@type":"WebPage","@id":"https:\/\/www.marylinepinton.com\/es\/","url":"https:\/\/www.marylinepinton.com\/es\/","name":"Traducci\u00f3n Ingl\u00e9s Franc\u00e9s Espa\u00f1ol - Maryline Pinton","isPartOf":{"@id":"https:\/\/www.marylinepinton.com\/#website"},"datePublished":"2012-12-20T08:44:20+00:00","dateModified":"2021-11-16T17:36:14+00:00","description":"Traductora freelance Ingl\u00e9s \/ Espa\u00f1ol > Franc\u00e9s, todos sus documentos profesionales\u2026 Correcci\u00f3n \/ Edici\u00f3n, Interpretaci\u00f3n de enlace, Gesti\u00f3n de proyectos multiling\u00fce \/ Transcripci\u00f3n","breadcrumb":{"@id":"https:\/\/www.marylinepinton.com\/es\/#breadcrumb"},"inLanguage":"es","potentialAction":[{"@type":"ReadAction","target":["https:\/\/www.marylinepinton.com\/es\/"]}]},{"@type":"BreadcrumbList","@id":"https:\/\/www.marylinepinton.com\/es\/#breadcrumb","itemListElement":[{"@type":"ListItem","position":1,"name":"Accueil","item":"https:\/\/www.marylinepinton.com\/es\/"},{"@type":"ListItem","position":2,"name":"\u00a1Bienvenido\/a!"}]},{"@type":"WebSite","@id":"https:\/\/www.marylinepinton.com\/#website","url":"https:\/\/www.marylinepinton.com\/","name":"Traduction Anglais Fran\u00e7ais Espagnol - Maryline Pinton","description":"Traducteur freelance sp\u00e9cialis\u00e9 anglais espagnol &gt; fran\u00e7ais, tous types de documents techniques, marketing, r\u00e9dactionnels\u2026 Relecture, secr\u00e9tariat de r\u00e9daction, interpr\u00e9tariat, gestion de projet","potentialAction":[{"@type":"SearchAction","target":{"@type":"EntryPoint","urlTemplate":"https:\/\/www.marylinepinton.com\/?s={search_term_string}"},"query-input":{"@type":"PropertyValueSpecification","valueRequired":true,"valueName":"search_term_string"}}],"inLanguage":"es"}]}},"_links":{"self":[{"href":"https:\/\/www.marylinepinton.com\/es\/wp-json\/wp\/v2\/pages\/10058","targetHints":{"allow":["GET"]}}],"collection":[{"href":"https:\/\/www.marylinepinton.com\/es\/wp-json\/wp\/v2\/pages"}],"about":[{"href":"https:\/\/www.marylinepinton.com\/es\/wp-json\/wp\/v2\/types\/page"}],"author":[{"embeddable":true,"href":"https:\/\/www.marylinepinton.com\/es\/wp-json\/wp\/v2\/users\/2"}],"replies":[{"embeddable":true,"href":"https:\/\/www.marylinepinton.com\/es\/wp-json\/wp\/v2\/comments?post=10058"}],"version-history":[{"count":0,"href":"https:\/\/www.marylinepinton.com\/es\/wp-json\/wp\/v2\/pages\/10058\/revisions"}],"wp:attachment":[{"href":"https:\/\/www.marylinepinton.com\/es\/wp-json\/wp\/v2\/media?parent=10058"}],"curies":[{"name":"wp","href":"https:\/\/api.w.org\/{rel}","templated":true}]}}