{"id":33681,"date":"2013-11-09T21:03:03","date_gmt":"2013-11-09T20:03:03","guid":{"rendered":"https:\/\/www.marylinepinton.com\/?page_id=33681"},"modified":"2024-09-13T14:33:15","modified_gmt":"2024-09-13T13:33:15","slug":"tarifas","status":"publish","type":"page","link":"https:\/\/www.marylinepinton.com\/es\/tarifas\/","title":{"rendered":"Tarifas"},"content":{"rendered":"\n<p>El precio de una traducci\u00f3n depende de varios criterios, siendo el principal el n\u00famero de palabras a traducir. Pero la combinaci\u00f3n de idiomas, el tema y \/ o el car\u00e1cter t\u00e9cnico del texto, el plazo, el formato\u2026 tambi\u00e9n deben tenerse&nbsp;en cuenta. El precio de una traducci\u00f3n puede variar de 1 a 10 dependiendo del proveedor (estudiante en pr\u00e1cticas o agencia de traducci\u00f3n de prestigio). No es cierto que cuanto m\u00e1s cara sea la traducci\u00f3n, mejor ser\u00e1. Sin embargo,&nbsp;es probable que por debajo de cierto precio usted corra un gran riesgo en cuanto a su imagen y a la transmisi\u00f3n de su mensaje. Tambi\u00e9n debe saber qu\u00e9 abarca el servicio deseado: traducci\u00f3n simple o servicio ling\u00fc\u00edstico completo incluyendo revisi\u00f3n, consejos editoriales, seguimiento de las validaciones por sus equipos internos e incluso dise\u00f1o o impresi\u00f3n\u2026<\/p>\n\n\n\n<p>En este sentido, le invito a leer <a href=\"https:\/\/www.sft.fr\/fr\/annuaire\/acheter-une-prestation-65\">este excelente art\u00edculo de SFT, la Sociedad Francesa de Traductores\u00a0(en franc\u00e9s)<\/a>.<\/p>\n\n\n\n<p>Al igual que en otras profesiones, con la traducci\u00f3n, el tiempo es oro. Antes de solicitar una traducci\u00f3n, por favor piense en el tiempo que han tardado sus equipos para redactar el documento original. Hay que ser realistas: \u00a1no se traduce en una hora algo escrito en un d\u00eda! En el campo de la traducci\u00f3n, se necesita tiempo. Una buena traducci\u00f3n necesita revisiones, comprobaciones, una gran reflexi\u00f3n, incluso a veces es necesario recurrir a especialistas en el \u00e1mbito tem\u00e1tico. Al trabajar conmigo, usted puede estar seguro de que dedicar\u00e9 tanto tiempo como sea necesario para proporcionarle la traducci\u00f3n que merece.<\/p>\n\n\n\n<p>Para recibir un presupuesto preciso, env\u00edeme todos los detalles de su solicitud a <a href=\"mailto:contact@marylinepinton.com\" target=\"_blank\" rel=\"noreferrer noopener\">contact@marylinepinton.com<\/a> o a trav\u00e9s de la <a href=\"https:\/\/www.marylinepinton.com\/contact\/\">p\u00e1gina de contacto<\/a> y le contestar\u00e9 r\u00e1pidamente. La capacidad de reacci\u00f3n es una de mis palabras clave. Le dir\u00e9 honestamente si soy capaz de satisfacer sus expectativas (en t\u00e9rminos de precio, tiempo, campo de actividad\u2026) y si no puedo hacer el trabajo yo misma, le dirigir\u00e9 hacia la persona m\u00e1s adecuada.<\/p>\n\n\n\n<p>De acuerdo con las \u00faltimas directivas europeas, solicito un pago por anticipado a los clientes privados y un m\u00e1ximo de 60 d\u00edas despu\u00e9s de la entrega a los profesionales.<\/p>\n\n\n\n<p>&gt; <a href=\"https:\/\/www.marylinepinton.com\/es\/contacto\/\" target=\"_blank\" rel=\"noreferrer noopener\">P\u00f3ngase en contacto conmigo<\/a><\/p>\n","protected":false},"excerpt":{"rendered":"<p>El precio de una traducci\u00f3n depende de varios criterios, siendo el principal el n\u00famero de palabras a traducir. Pero la combinaci\u00f3n de idiomas, el tema y \/ o el car\u00e1cter t\u00e9cnico del texto, el plazo, el formato\u2026 tambi\u00e9n deben tenerse&nbsp;en cuenta. El precio de una traducci\u00f3n puede variar de 1 a 10 dependiendo del proveedor [&hellip;]<\/p>\n","protected":false},"author":3,"featured_media":0,"parent":0,"menu_order":0,"comment_status":"open","ping_status":"open","template":"","meta":{"_acf_changed":false,"footnotes":""},"class_list":["post-33681","page","type-page","status-publish","hentry"],"acf":[],"yoast_head":"<!-- This site is optimized with the Yoast SEO plugin v24.2 - https:\/\/yoast.com\/wordpress\/plugins\/seo\/ -->\n<title>Tarifas<\/title>\n<meta name=\"robots\" content=\"index, follow, max-snippet:-1, max-image-preview:large, max-video-preview:-1\" \/>\n<link rel=\"canonical\" href=\"https:\/\/www.marylinepinton.com\/es\/tarifas\/\" \/>\n<meta property=\"og:locale\" content=\"es_ES\" \/>\n<meta property=\"og:type\" content=\"article\" \/>\n<meta property=\"og:title\" content=\"Tarifas\" \/>\n<meta property=\"og:description\" content=\"El precio de una traducci\u00f3n depende de varios criterios, siendo el principal el n\u00famero de palabras a traducir. Pero la combinaci\u00f3n de idiomas, el tema y \/ o el car\u00e1cter t\u00e9cnico del texto, el plazo, el formato\u2026 tambi\u00e9n deben tenerse&nbsp;en cuenta. El precio de una traducci\u00f3n puede variar de 1 a 10 dependiendo del proveedor [&hellip;]\" \/>\n<meta property=\"og:url\" content=\"https:\/\/www.marylinepinton.com\/es\/tarifas\/\" \/>\n<meta property=\"og:site_name\" content=\"Traduction Anglais Fran\u00e7ais Espagnol - Maryline Pinton\" \/>\n<meta property=\"article:publisher\" content=\"https:\/\/www.facebook.com\/marylinepintontrad\" \/>\n<meta property=\"article:modified_time\" content=\"2024-09-13T13:33:15+00:00\" \/>\n<meta name=\"twitter:label1\" content=\"Tiempo de lectura\" \/>\n\t<meta name=\"twitter:data1\" content=\"2 minutos\" \/>\n<script type=\"application\/ld+json\" class=\"yoast-schema-graph\">{\"@context\":\"https:\/\/schema.org\",\"@graph\":[{\"@type\":\"WebPage\",\"@id\":\"https:\/\/www.marylinepinton.com\/es\/tarifas\/\",\"url\":\"https:\/\/www.marylinepinton.com\/es\/tarifas\/\",\"name\":\"Tarifas\",\"isPartOf\":{\"@id\":\"https:\/\/www.marylinepinton.com\/#website\"},\"datePublished\":\"2013-11-09T20:03:03+00:00\",\"dateModified\":\"2024-09-13T13:33:15+00:00\",\"breadcrumb\":{\"@id\":\"https:\/\/www.marylinepinton.com\/es\/tarifas\/#breadcrumb\"},\"inLanguage\":\"es\",\"potentialAction\":[{\"@type\":\"ReadAction\",\"target\":[\"https:\/\/www.marylinepinton.com\/es\/tarifas\/\"]}]},{\"@type\":\"BreadcrumbList\",\"@id\":\"https:\/\/www.marylinepinton.com\/es\/tarifas\/#breadcrumb\",\"itemListElement\":[{\"@type\":\"ListItem\",\"position\":1,\"name\":\"Accueil\",\"item\":\"https:\/\/www.marylinepinton.com\/es\/\"},{\"@type\":\"ListItem\",\"position\":2,\"name\":\"Tarifas\"}]},{\"@type\":\"WebSite\",\"@id\":\"https:\/\/www.marylinepinton.com\/#website\",\"url\":\"https:\/\/www.marylinepinton.com\/\",\"name\":\"Traduction Anglais Fran\u00e7ais Espagnol - Maryline Pinton\",\"description\":\"Traducteur freelance sp\u00e9cialis\u00e9 anglais espagnol &gt; fran\u00e7ais, tous types de documents techniques, marketing, r\u00e9dactionnels\u2026 Relecture, secr\u00e9tariat de r\u00e9daction, interpr\u00e9tariat, gestion de projet\",\"potentialAction\":[{\"@type\":\"SearchAction\",\"target\":{\"@type\":\"EntryPoint\",\"urlTemplate\":\"https:\/\/www.marylinepinton.com\/?s={search_term_string}\"},\"query-input\":{\"@type\":\"PropertyValueSpecification\",\"valueRequired\":true,\"valueName\":\"search_term_string\"}}],\"inLanguage\":\"es\"}]}<\/script>\n<!-- \/ Yoast SEO plugin. -->","yoast_head_json":{"title":"Tarifas","robots":{"index":"index","follow":"follow","max-snippet":"max-snippet:-1","max-image-preview":"max-image-preview:large","max-video-preview":"max-video-preview:-1"},"canonical":"https:\/\/www.marylinepinton.com\/es\/tarifas\/","og_locale":"es_ES","og_type":"article","og_title":"Tarifas","og_description":"El precio de una traducci\u00f3n depende de varios criterios, siendo el principal el n\u00famero de palabras a traducir. Pero la combinaci\u00f3n de idiomas, el tema y \/ o el car\u00e1cter t\u00e9cnico del texto, el plazo, el formato\u2026 tambi\u00e9n deben tenerse&nbsp;en cuenta. El precio de una traducci\u00f3n puede variar de 1 a 10 dependiendo del proveedor [&hellip;]","og_url":"https:\/\/www.marylinepinton.com\/es\/tarifas\/","og_site_name":"Traduction Anglais Fran\u00e7ais Espagnol - Maryline Pinton","article_publisher":"https:\/\/www.facebook.com\/marylinepintontrad","article_modified_time":"2024-09-13T13:33:15+00:00","twitter_misc":{"Tiempo de lectura":"2 minutos"},"schema":{"@context":"https:\/\/schema.org","@graph":[{"@type":"WebPage","@id":"https:\/\/www.marylinepinton.com\/es\/tarifas\/","url":"https:\/\/www.marylinepinton.com\/es\/tarifas\/","name":"Tarifas","isPartOf":{"@id":"https:\/\/www.marylinepinton.com\/#website"},"datePublished":"2013-11-09T20:03:03+00:00","dateModified":"2024-09-13T13:33:15+00:00","breadcrumb":{"@id":"https:\/\/www.marylinepinton.com\/es\/tarifas\/#breadcrumb"},"inLanguage":"es","potentialAction":[{"@type":"ReadAction","target":["https:\/\/www.marylinepinton.com\/es\/tarifas\/"]}]},{"@type":"BreadcrumbList","@id":"https:\/\/www.marylinepinton.com\/es\/tarifas\/#breadcrumb","itemListElement":[{"@type":"ListItem","position":1,"name":"Accueil","item":"https:\/\/www.marylinepinton.com\/es\/"},{"@type":"ListItem","position":2,"name":"Tarifas"}]},{"@type":"WebSite","@id":"https:\/\/www.marylinepinton.com\/#website","url":"https:\/\/www.marylinepinton.com\/","name":"Traduction Anglais Fran\u00e7ais Espagnol - Maryline Pinton","description":"Traducteur freelance sp\u00e9cialis\u00e9 anglais espagnol &gt; fran\u00e7ais, tous types de documents techniques, marketing, r\u00e9dactionnels\u2026 Relecture, secr\u00e9tariat de r\u00e9daction, interpr\u00e9tariat, gestion de projet","potentialAction":[{"@type":"SearchAction","target":{"@type":"EntryPoint","urlTemplate":"https:\/\/www.marylinepinton.com\/?s={search_term_string}"},"query-input":{"@type":"PropertyValueSpecification","valueRequired":true,"valueName":"search_term_string"}}],"inLanguage":"es"}]}},"_links":{"self":[{"href":"https:\/\/www.marylinepinton.com\/es\/wp-json\/wp\/v2\/pages\/33681","targetHints":{"allow":["GET"]}}],"collection":[{"href":"https:\/\/www.marylinepinton.com\/es\/wp-json\/wp\/v2\/pages"}],"about":[{"href":"https:\/\/www.marylinepinton.com\/es\/wp-json\/wp\/v2\/types\/page"}],"author":[{"embeddable":true,"href":"https:\/\/www.marylinepinton.com\/es\/wp-json\/wp\/v2\/users\/3"}],"replies":[{"embeddable":true,"href":"https:\/\/www.marylinepinton.com\/es\/wp-json\/wp\/v2\/comments?post=33681"}],"version-history":[{"count":0,"href":"https:\/\/www.marylinepinton.com\/es\/wp-json\/wp\/v2\/pages\/33681\/revisions"}],"wp:attachment":[{"href":"https:\/\/www.marylinepinton.com\/es\/wp-json\/wp\/v2\/media?parent=33681"}],"curies":[{"name":"wp","href":"https:\/\/api.w.org\/{rel}","templated":true}]}}